{"id":18,"date":"2025-06-13T20:36:07","date_gmt":"2025-06-13T20:36:07","guid":{"rendered":"https:\/\/mrsteinhausen.ch\/wp23\/?page_id=18"},"modified":"2025-08-14T00:50:59","modified_gmt":"2025-08-13T22:50:59","slug":"dorffest2025","status":"publish","type":"page","link":"https:\/\/mrsteinhausen.ch\/wp23\/dorffest2025\/","title":{"rendered":"Dorffest 2025"},"content":{"rendered":"\n<p class=\"wp-block-paragraph\">Wir bedanken uns bei allen Besucherinnen und Besuchern, welche das diesj\u00e4hrige Dorffest zu einem so tollen Anlass gemacht haben. <\/p>\n\n\n\n<p class=\"wp-block-paragraph\">Unser besonderer Dank gilt der Gemeinde Steinhausen, unseren Unterst\u00fctzern und allen Helferinnen und Helfern, ohne sie das Dorffest nicht m\u00f6glich gewesen w\u00e4re. <\/p>\n\n\n<div class=\"n2-section-smartslider fitvidsignore  n2_clear\" data-ssid=\"2\"><div id=\"n2-ss-2-align\" class=\"n2-ss-align\"><div class=\"n2-padding\"><div id=\"n2-ss-2\" data-creator=\"Smart Slider 3\" data-responsive=\"auto\" class=\"n2-ss-slider n2-ow n2-has-hover n2notransition  \">\n\n\n\n<div class=\"n2-ss-slider-wrapper-inside\">\n        <div class=\"n2-ss-slider-1 n2_ss__touch_element n2-ow\">\n            <div class=\"n2-ss-slider-2 n2-ow\">\n                                                <div class=\"n2-ss-slider-3 n2-ow\">\n\n                    <div class=\"n2-ss-slide-backgrounds n2-ow-all\"><div class=\"n2-ss-slide-background\" data-public-id=\"1\" data-mode=\"fit\"><div class=\"n2-ss-slide-background-image\" data-blur=\"0\" data-opacity=\"100\" data-x=\"50\" data-y=\"50\" data-alt=\"\" data-title=\"\"><picture class=\"skip-lazy jetpack-lazy-image\" data-skip-lazy=\"1\"><img decoding=\"async\" src=\"\/\/mrsteinhausen.ch\/wp23\/wp-content\/uploads\/2025\/08\/20250621_182905.jpg\" alt=\"\" title=\"\" loading=\"lazy\" class=\"skip-lazy jetpack-lazy-image\" data-skip-lazy=\"1\"><\/picture><\/div><div data-color=\"RGBA(255,255,255,0)\" style=\"background-color: RGBA(255,255,255,0);\" class=\"n2-ss-slide-background-color\"><\/div><\/div><div class=\"n2-ss-slide-background\" data-public-id=\"2\" data-mode=\"fit\" aria-hidden=\"true\"><div class=\"n2-ss-slide-background-image\" data-blur=\"0\" data-opacity=\"100\" data-x=\"50\" data-y=\"50\" data-alt=\"\" data-title=\"\"><picture class=\"skip-lazy jetpack-lazy-image\" data-skip-lazy=\"1\"><img decoding=\"async\" src=\"\/\/mrsteinhausen.ch\/wp23\/wp-content\/uploads\/2025\/08\/20250621_184333.jpg\" alt=\"\" title=\"\" loading=\"lazy\" class=\"skip-lazy jetpack-lazy-image\" data-skip-lazy=\"1\"><\/picture><\/div><div data-color=\"RGBA(255,255,255,0)\" style=\"background-color: RGBA(255,255,255,0);\" class=\"n2-ss-slide-background-color\"><\/div><\/div><div class=\"n2-ss-slide-background\" data-public-id=\"3\" data-mode=\"fit\" aria-hidden=\"true\"><div class=\"n2-ss-slide-background-image\" data-blur=\"0\" data-opacity=\"100\" data-x=\"50\" data-y=\"50\" data-alt=\"\" data-title=\"\"><picture class=\"skip-lazy jetpack-lazy-image\" data-skip-lazy=\"1\"><img decoding=\"async\" src=\"\/\/mrsteinhausen.ch\/wp23\/wp-content\/uploads\/2025\/08\/20250621_205442.jpg\" alt=\"\" title=\"\" loading=\"lazy\" class=\"skip-lazy jetpack-lazy-image\" data-skip-lazy=\"1\"><\/picture><\/div><div data-color=\"RGBA(255,255,255,0)\" style=\"background-color: RGBA(255,255,255,0);\" class=\"n2-ss-slide-background-color\"><\/div><\/div><div class=\"n2-ss-slide-background\" data-public-id=\"4\" data-mode=\"fit\" aria-hidden=\"true\"><div class=\"n2-ss-slide-background-image\" data-blur=\"0\" data-opacity=\"100\" data-x=\"50\" data-y=\"50\" data-alt=\"\" data-title=\"\"><picture class=\"skip-lazy jetpack-lazy-image\" data-skip-lazy=\"1\"><img decoding=\"async\" src=\"\/\/mrsteinhausen.ch\/wp23\/wp-content\/uploads\/2025\/08\/20250621_205505.jpg\" alt=\"\" title=\"\" loading=\"lazy\" class=\"skip-lazy jetpack-lazy-image\" data-skip-lazy=\"1\"><\/picture><\/div><div data-color=\"RGBA(255,255,255,0)\" style=\"background-color: RGBA(255,255,255,0);\" class=\"n2-ss-slide-background-color\"><\/div><\/div><div class=\"n2-ss-slide-background\" data-public-id=\"5\" data-mode=\"fit\" aria-hidden=\"true\"><div class=\"n2-ss-slide-background-image\" data-blur=\"0\" data-opacity=\"100\" data-x=\"50\" data-y=\"50\" data-alt=\"\" data-title=\"\"><picture class=\"skip-lazy jetpack-lazy-image\" data-skip-lazy=\"1\"><img decoding=\"async\" src=\"\/\/mrsteinhausen.ch\/wp23\/wp-content\/uploads\/2025\/08\/20250621_205821.jpg\" alt=\"\" title=\"\" loading=\"lazy\" class=\"skip-lazy jetpack-lazy-image\" data-skip-lazy=\"1\"><\/picture><\/div><div data-color=\"RGBA(255,255,255,0)\" style=\"background-color: RGBA(255,255,255,0);\" class=\"n2-ss-slide-background-color\"><\/div><\/div><div class=\"n2-ss-slide-background\" data-public-id=\"6\" data-mode=\"fit\" aria-hidden=\"true\"><div class=\"n2-ss-slide-background-image\" data-blur=\"0\" data-opacity=\"100\" data-x=\"50\" data-y=\"50\" data-alt=\"\" data-title=\"\"><picture class=\"skip-lazy jetpack-lazy-image\" data-skip-lazy=\"1\"><img decoding=\"async\" src=\"\/\/mrsteinhausen.ch\/wp23\/wp-content\/uploads\/2025\/08\/20250621_211046.jpg\" alt=\"\" title=\"\" loading=\"lazy\" class=\"skip-lazy jetpack-lazy-image\" data-skip-lazy=\"1\"><\/picture><\/div><div data-color=\"RGBA(255,255,255,0)\" style=\"background-color: RGBA(255,255,255,0);\" class=\"n2-ss-slide-background-color\"><\/div><\/div><\/div>                    <div class=\"n2-ss-slider-4 n2-ow\">\n                        <svg xmlns=\"http:\/\/www.w3.org\/2000\/svg\" viewBox=\"0 0 1000 370\" data-related-device=\"desktopPortrait\" class=\"n2-ow n2-ss-preserve-size n2-ss-preserve-size--slider n2-ss-slide-limiter\"><\/svg><div data-first=\"1\" data-slide-duration=\"0\" data-id=\"78\" data-slide-public-id=\"1\" data-title=\"20250621_182905\" class=\"n2-ss-slide n2-ow  n2-ss-slide-78\"><div role=\"note\" class=\"n2-ss-slide--focus\" tabindex=\"-1\">20250621_182905<\/div><div class=\"n2-ss-layers-container n2-ss-slide-limiter n2-ow\"><div class=\"n2-ss-layer n2-ow n-uc-1eVsS4oMHsbL\" data-sstype=\"slide\" data-pm=\"default\"><\/div><\/div><\/div><div data-slide-duration=\"0\" data-id=\"79\" data-slide-public-id=\"2\" aria-hidden=\"true\" data-title=\"20250621_184333\" class=\"n2-ss-slide n2-ow  n2-ss-slide-79\"><div role=\"note\" class=\"n2-ss-slide--focus\" tabindex=\"-1\">20250621_184333<\/div><div class=\"n2-ss-layers-container n2-ss-slide-limiter n2-ow\"><div class=\"n2-ss-layer n2-ow n-uc-3BIfelfDr3oA\" data-sstype=\"slide\" data-pm=\"default\"><\/div><\/div><\/div><div data-slide-duration=\"0\" data-id=\"80\" data-slide-public-id=\"3\" aria-hidden=\"true\" data-title=\"20250621_205442\" class=\"n2-ss-slide n2-ow  n2-ss-slide-80\"><div role=\"note\" class=\"n2-ss-slide--focus\" tabindex=\"-1\">20250621_205442<\/div><div class=\"n2-ss-layers-container n2-ss-slide-limiter n2-ow\"><div class=\"n2-ss-layer n2-ow n-uc-yQ2MTsdwIoJ2\" data-sstype=\"slide\" data-pm=\"default\"><\/div><\/div><\/div><div data-slide-duration=\"0\" data-id=\"81\" data-slide-public-id=\"4\" aria-hidden=\"true\" data-title=\"20250621_205505\" class=\"n2-ss-slide n2-ow  n2-ss-slide-81\"><div role=\"note\" class=\"n2-ss-slide--focus\" tabindex=\"-1\">20250621_205505<\/div><div class=\"n2-ss-layers-container n2-ss-slide-limiter n2-ow\"><div class=\"n2-ss-layer n2-ow n-uc-PPD0oZVWPsIw\" data-sstype=\"slide\" data-pm=\"default\"><\/div><\/div><\/div><div data-slide-duration=\"0\" data-id=\"82\" data-slide-public-id=\"5\" aria-hidden=\"true\" data-title=\"20250621_205821\" class=\"n2-ss-slide n2-ow  n2-ss-slide-82\"><div role=\"note\" class=\"n2-ss-slide--focus\" tabindex=\"-1\">20250621_205821<\/div><div class=\"n2-ss-layers-container n2-ss-slide-limiter n2-ow\"><div class=\"n2-ss-layer n2-ow n-uc-V0MCLNupmZKK\" data-sstype=\"slide\" data-pm=\"default\"><\/div><\/div><\/div><div data-slide-duration=\"0\" data-id=\"83\" data-slide-public-id=\"6\" aria-hidden=\"true\" data-title=\"20250621_211046\" class=\"n2-ss-slide n2-ow  n2-ss-slide-83\"><div role=\"note\" class=\"n2-ss-slide--focus\" tabindex=\"-1\">20250621_211046<\/div><div class=\"n2-ss-layers-container n2-ss-slide-limiter n2-ow\"><div class=\"n2-ss-layer n2-ow n-uc-9BYyJEZprYJn\" data-sstype=\"slide\" data-pm=\"default\"><\/div><\/div><\/div>                    <\/div>\n\n                                    <\/div>\n            <\/div>\n        <\/div>\n        <div class=\"n2-ss-slider-controls n2-ss-slider-controls-absolute-left-center\"><div style=\"--widget-offset:15px;\" class=\"n2-ss-widget nextend-arrow n2-ow-all nextend-arrow-previous  nextend-arrow-animated-fade\" data-hide-mobileportrait=\"1\" id=\"n2-ss-2-arrow-previous\" role=\"button\" aria-label=\"previous arrow\" tabindex=\"0\"><img loading=\"lazy\" decoding=\"async\" width=\"32\" height=\"32\" class=\"skip-lazy jetpack-lazy-image\" data-skip-lazy=\"1\" src=\"data:image\/svg+xml;base64,PHN2ZyB3aWR0aD0iMzIiIGhlaWdodD0iMzIiIHZpZXdCb3g9IjAgMCAzMiAzMiIgeG1sbnM9Imh0dHA6Ly93d3cudzMub3JnLzIwMDAvc3ZnIj4KICAgIDxwYXRoIGQ9Ik0xMS40MzMgMTUuOTkyTDIyLjY5IDUuNzEyYy4zOTMtLjM5LjM5My0xLjAzIDAtMS40Mi0uMzkzLS4zOS0xLjAzLS4zOS0xLjQyMyAwbC0xMS45OCAxMC45NGMtLjIxLjIxLS4zLjQ5LS4yODUuNzYtLjAxNS4yOC4wNzUuNTYuMjg0Ljc3bDExLjk4IDEwLjk0Yy4zOTMuMzkgMS4wMy4zOSAxLjQyNCAwIC4zOTMtLjQuMzkzLTEuMDMgMC0xLjQybC0xMS4yNTctMTAuMjkiCiAgICAgICAgICBmaWxsPSIjZGQzMzMzIiBvcGFjaXR5PSIxIiBmaWxsLXJ1bGU9ImV2ZW5vZGQiLz4KPC9zdmc+\" alt=\"previous arrow\"><\/div><\/div><div class=\"n2-ss-slider-controls n2-ss-slider-controls-absolute-right-center\"><div style=\"--widget-offset:15px;\" class=\"n2-ss-widget nextend-arrow n2-ow-all nextend-arrow-next  nextend-arrow-animated-fade\" data-hide-mobileportrait=\"1\" id=\"n2-ss-2-arrow-next\" role=\"button\" aria-label=\"next arrow\" tabindex=\"0\"><img loading=\"lazy\" decoding=\"async\" width=\"32\" height=\"32\" class=\"skip-lazy jetpack-lazy-image\" data-skip-lazy=\"1\" src=\"data:image\/svg+xml;base64,PHN2ZyB3aWR0aD0iMzIiIGhlaWdodD0iMzIiIHZpZXdCb3g9IjAgMCAzMiAzMiIgeG1sbnM9Imh0dHA6Ly93d3cudzMub3JnLzIwMDAvc3ZnIj4KICAgIDxwYXRoIGQ9Ik0xMC43MjIgNC4yOTNjLS4zOTQtLjM5LTEuMDMyLS4zOS0xLjQyNyAwLS4zOTMuMzktLjM5MyAxLjAzIDAgMS40MmwxMS4yODMgMTAuMjgtMTEuMjgzIDEwLjI5Yy0uMzkzLjM5LS4zOTMgMS4wMiAwIDEuNDIuMzk1LjM5IDEuMDMzLjM5IDEuNDI3IDBsMTIuMDA3LTEwLjk0Yy4yMS0uMjEuMy0uNDkuMjg0LS43Ny4wMTQtLjI3LS4wNzYtLjU1LS4yODYtLjc2TDEwLjcyIDQuMjkzeiIKICAgICAgICAgIGZpbGw9IiNkZDMzMzMiIG9wYWNpdHk9IjEiIGZpbGwtcnVsZT0iZXZlbm9kZCIvPgo8L3N2Zz4=\" alt=\"next arrow\"><\/div><\/div><div class=\"n2-ss-slider-controls n2-ss-slider-controls-absolute-center-bottom\"><div style=\"--widget-offset:10px;\" class=\"n2-ss-widget n2-ss-control-bullet n2-ow-all n2-ss-control-bullet-horizontal\"><div class=\" nextend-bullet-bar n2-bar-justify-content-center\" role=\"group\" aria-label=\"Choose slide to display.\"><div class=\"n2-bullet n2-style-785355f374be86c332d4665aae819858-dot \" style=\"visibility:hidden;\"><\/div><\/div><\/div><\/div><\/div><\/div><ss3-loader><\/ss3-loader><\/div><\/div><div class=\"n2_clear\"><\/div><\/div>\n\n\n<div style=\"height:23px\" aria-hidden=\"true\" class=\"wp-block-spacer\"><\/div>\n\n\n\n<figure class=\"wp-block-image size-full\"><img loading=\"lazy\" decoding=\"async\" width=\"1300\" height=\"1736\" src=\"https:\/\/mrsteinhausen.ch\/wp23\/wp-content\/uploads\/2025\/06\/dorffest2025-2.jpg\" alt=\"\" class=\"wp-image-31\"\/><\/figure>\n\n\n\n<h2 class=\"wp-block-heading\">Programm<\/h2>\n\n\n\n<figure class=\"wp-block-table\"><table class=\"has-fixed-layout\"><tbody><tr><td class=\"has-text-align-center\" data-align=\"center\"><strong>Uhrzeit<\/strong><\/td><td class=\"has-text-align-center\" data-align=\"center\"><strong>Programm<\/strong><\/td><\/tr><tr><td class=\"has-text-align-center\" data-align=\"center\">15:00 &#8211; 17:00<\/td><td class=\"has-text-align-center\" data-align=\"center\">Kindernachmittag mit dem Club junger Eltern<\/td><\/tr><tr><td class=\"has-text-align-center\" data-align=\"center\">ab 17:00<\/td><td class=\"has-text-align-center\" data-align=\"center\">Offizieller Beginn Dorffest<br>Start des Festbetriebs<\/td><\/tr><tr><td class=\"has-text-align-center\" data-align=\"center\">18:30 &#8211; 19:30<\/td><td class=\"has-text-align-center\" data-align=\"center\">Ehrungen f\u00fcr \u200bbesondere Leistungen<br>(Ehrung direkt durch Gemeinderat\u200b)<\/td><\/tr><tr><td class=\"has-text-align-center\" data-align=\"center\">ca. 19:30 &#8211; 20:45<\/td><td class=\"has-text-align-center\" data-align=\"center\">Duo Romantica 1.Teil<\/td><\/tr><tr><td class=\"has-text-align-center\" data-align=\"center\">ca. 20:45 &#8211; 21:30<\/td><td class=\"has-text-align-center\" data-align=\"center\">Showblock<\/td><\/tr><tr><td class=\"has-text-align-center\" data-align=\"center\">&nbsp;<\/td><td class=\"has-text-align-center\" data-align=\"center\">&nbsp;Tanzschule Steinhausen<\/td><\/tr><tr><td class=\"has-text-align-center\" data-align=\"center\">&nbsp;<\/td><td class=\"has-text-align-center\" data-align=\"center\">&nbsp;Gugge &#171;Straccer&#187;<\/td><\/tr><tr><td class=\"has-text-align-center\" data-align=\"center\">ca. 21:30 &#8211; 23:00<\/td><td class=\"has-text-align-center\" data-align=\"center\">Duo Romantica 2.Teil<\/td><\/tr><tr><td class=\"has-text-align-center\" data-align=\"center\">bis 24:00 Uhr<\/td><td class=\"has-text-align-center\" data-align=\"center\">&nbsp;Musik zum Ausklang<\/td><\/tr><\/tbody><\/table><\/figure>\n\n\n\n<h2 class=\"wp-block-heading\">Kontakt<\/h2>\n\n\n\n<div class=\"wp-block-columns is-layout-flex wp-container-core-columns-is-layout-7387b849 wp-block-columns-is-layout-flex\">\n<div class=\"wp-block-column is-layout-flow wp-block-column-is-layout-flow\" style=\"flex-basis:10%\">\n<figure class=\"wp-block-image aligncenter is-resized\"><a href=\"mailto:dorffest2025@mrsteinhausen.ch?subject=Frage%20zum%20Dorffest%202025\" target=\"_blank\" rel=\" noreferrer noopener\"><img loading=\"lazy\" decoding=\"async\" width=\"150\" height=\"150\" src=\"https:\/\/mrsteinhausen.ch\/wp23\/wp-content\/uploads\/2025\/06\/M23-1-150x150.jpg\" alt=\"\" class=\"wp-image-109\" style=\"width:60px\" srcset=\"https:\/\/mrsteinhausen.ch\/wp23\/wp-content\/uploads\/2025\/06\/M23-1-150x150.jpg 150w, https:\/\/mrsteinhausen.ch\/wp23\/wp-content\/uploads\/2025\/06\/M23-1.jpg 160w\" sizes=\"auto, (max-width: 150px) 100vw, 150px\" \/><\/a><\/figure>\n<\/div>\n\n\n\n<div class=\"wp-block-column is-layout-flow wp-block-column-is-layout-flow\" style=\"flex-basis:50%\">\n<p class=\"wp-block-paragraph\"><a href=\"mailto:dorffest2025@mrsteinhausen.ch?subject=Frage%20zum%20Dorffest%202025\" target=\"_blank\" rel=\"noreferrer noopener\">Bei Fragen zum Dorffest k\u00f6nnt Ihr Euch gerne an uns wenden.<\/a><\/p>\n\n\n\n<div style=\"height:37px\" aria-hidden=\"true\" class=\"wp-block-spacer\"><\/div>\n<\/div>\n<\/div>\n\n\n\n<h2 class=\"wp-block-heading\">Unterst\u00fctzer<\/h2>\n\n\n\n<p class=\"wp-block-paragraph\">Vielen Dank an unsere Unterst\u00fctzer:<\/p>\n\n\n\n<ul class=\"wp-block-list\">\n<li>Musikgesellschaft Steinhausen<\/li>\n\n\n\n<li>Damenturnverein Steinhausen<\/li>\n\n\n\n<li>Club junger Eltern<\/li>\n\n\n\n<li>Schnitz und Gwunder<\/li>\n\n\n\n<li>Tanzschule Steinhausen<\/li>\n\n\n\n<li>Straccer<\/li>\n<\/ul>\n\n\n\n<h2 class=\"wp-block-heading\">OK<\/h2>\n\n\n\n<p class=\"wp-block-paragraph\">Das OK besteht aus:<\/p>\n\n\n\n<ul class=\"wp-block-list\">\n<li>Vorsitz: Ivo<\/li>\n\n\n\n<li>Kassier: Roland<\/li>\n\n\n\n<li>Helfer: Gregor<\/li>\n\n\n\n<li>Technik: Bruno<\/li>\n\n\n\n<li>Marketing: Olaf<\/li>\n<\/ul>\n","protected":false},"excerpt":{"rendered":"<p>Wir bedanken uns bei allen Besucherinnen und Besuchern, welche das diesj\u00e4hrige Dorffest zu einem so tollen Anlass gemacht haben. Unser besonderer Dank gilt der Gemeinde Steinhausen, unseren Unterst\u00fctzern und allen Helferinnen und Helfern, ohne sie das Dorffest nicht m\u00f6glich gewesen w\u00e4re. Programm Uhrzeit Programm 15:00 &#8211; 17:00 Kindernachmittag mit dem Club junger Eltern ab 17:00 [&hellip;]<\/p>\n","protected":false},"author":1,"featured_media":0,"parent":0,"menu_order":0,"comment_status":"closed","ping_status":"closed","template":"","meta":{"_crdt_document":"","_uag_custom_page_level_css":"","site-container-style":"default","site-container-layout":"default","site-sidebar-layout":"default","disable-article-header":"default","disable-site-header":"default","disable-site-footer":"default","disable-content-area-spacing":"default","footnotes":""},"class_list":["post-18","page","type-page","status-publish","hentry"],"yoast_head":"<!-- This site is optimized with the Yoast SEO plugin v27.3 - https:\/\/yoast.com\/product\/yoast-seo-wordpress\/ -->\n<title>Dorffest 2025 - M\u00e4nnerriege Steinhausen<\/title>\n<meta name=\"robots\" content=\"index, follow, max-snippet:-1, max-image-preview:large, max-video-preview:-1\" \/>\n<link rel=\"canonical\" href=\"https:\/\/mrsteinhausen.ch\/wp23\/dorffest2025\/\" \/>\n<meta property=\"og:locale\" content=\"de_DE\" \/>\n<meta property=\"og:type\" content=\"article\" \/>\n<meta property=\"og:title\" content=\"Dorffest 2025 - M\u00e4nnerriege Steinhausen\" \/>\n<meta property=\"og:description\" content=\"Wir bedanken uns bei allen Besucherinnen und Besuchern, welche das diesj\u00e4hrige Dorffest zu einem so tollen Anlass gemacht haben. Unser besonderer Dank gilt der Gemeinde Steinhausen, unseren Unterst\u00fctzern und allen Helferinnen und Helfern, ohne sie das Dorffest nicht m\u00f6glich gewesen w\u00e4re. Programm Uhrzeit Programm 15:00 &#8211; 17:00 Kindernachmittag mit dem Club junger Eltern ab 17:00 [&hellip;]\" \/>\n<meta property=\"og:url\" content=\"https:\/\/mrsteinhausen.ch\/wp23\/dorffest2025\/\" \/>\n<meta property=\"og:site_name\" content=\"M\u00e4nnerriege Steinhausen\" \/>\n<meta property=\"article:modified_time\" content=\"2025-08-13T22:50:59+00:00\" \/>\n<meta property=\"og:image\" content=\"https:\/\/mrsteinhausen.ch\/wp23\/wp-content\/uploads\/2025\/06\/dorffest2025-2.jpg\" \/>\n<meta name=\"twitter:card\" content=\"summary_large_image\" \/>\n<meta name=\"twitter:label1\" content=\"Gesch\u00e4tzte Lesezeit\" \/>\n\t<meta name=\"twitter:data1\" content=\"2\u00a0Minuten\" \/>\n<script type=\"application\/ld+json\" class=\"yoast-schema-graph\">{\"@context\":\"https:\\\/\\\/schema.org\",\"@graph\":[{\"@type\":\"WebPage\",\"@id\":\"https:\\\/\\\/mrsteinhausen.ch\\\/wp23\\\/dorffest2025\\\/\",\"url\":\"https:\\\/\\\/mrsteinhausen.ch\\\/wp23\\\/dorffest2025\\\/\",\"name\":\"Dorffest 2025 - M\u00e4nnerriege Steinhausen\",\"isPartOf\":{\"@id\":\"https:\\\/\\\/mrsteinhausen.ch\\\/wp23\\\/#website\"},\"primaryImageOfPage\":{\"@id\":\"https:\\\/\\\/mrsteinhausen.ch\\\/wp23\\\/dorffest2025\\\/#primaryimage\"},\"image\":{\"@id\":\"https:\\\/\\\/mrsteinhausen.ch\\\/wp23\\\/dorffest2025\\\/#primaryimage\"},\"thumbnailUrl\":\"https:\\\/\\\/mrsteinhausen.ch\\\/wp23\\\/wp-content\\\/uploads\\\/2025\\\/06\\\/dorffest2025-2.jpg\",\"datePublished\":\"2025-06-13T20:36:07+00:00\",\"dateModified\":\"2025-08-13T22:50:59+00:00\",\"breadcrumb\":{\"@id\":\"https:\\\/\\\/mrsteinhausen.ch\\\/wp23\\\/dorffest2025\\\/#breadcrumb\"},\"inLanguage\":\"de-CH\",\"potentialAction\":[{\"@type\":\"ReadAction\",\"target\":[\"https:\\\/\\\/mrsteinhausen.ch\\\/wp23\\\/dorffest2025\\\/\"]}]},{\"@type\":\"ImageObject\",\"inLanguage\":\"de-CH\",\"@id\":\"https:\\\/\\\/mrsteinhausen.ch\\\/wp23\\\/dorffest2025\\\/#primaryimage\",\"url\":\"https:\\\/\\\/mrsteinhausen.ch\\\/wp23\\\/wp-content\\\/uploads\\\/2025\\\/06\\\/dorffest2025-2.jpg\",\"contentUrl\":\"https:\\\/\\\/mrsteinhausen.ch\\\/wp23\\\/wp-content\\\/uploads\\\/2025\\\/06\\\/dorffest2025-2.jpg\",\"width\":1300,\"height\":1736},{\"@type\":\"BreadcrumbList\",\"@id\":\"https:\\\/\\\/mrsteinhausen.ch\\\/wp23\\\/dorffest2025\\\/#breadcrumb\",\"itemListElement\":[{\"@type\":\"ListItem\",\"position\":1,\"name\":\"Startseite\",\"item\":\"https:\\\/\\\/mrsteinhausen.ch\\\/wp23\\\/\"},{\"@type\":\"ListItem\",\"position\":2,\"name\":\"Dorffest 2025\"}]},{\"@type\":\"WebSite\",\"@id\":\"https:\\\/\\\/mrsteinhausen.ch\\\/wp23\\\/#website\",\"url\":\"https:\\\/\\\/mrsteinhausen.ch\\\/wp23\\\/\",\"name\":\"M\u00e4nnerriege Steinhausen\",\"description\":\"Aktiv in Steinhausen\",\"publisher\":{\"@id\":\"https:\\\/\\\/mrsteinhausen.ch\\\/wp23\\\/#organization\"},\"alternateName\":\"MRS\",\"potentialAction\":[{\"@type\":\"SearchAction\",\"target\":{\"@type\":\"EntryPoint\",\"urlTemplate\":\"https:\\\/\\\/mrsteinhausen.ch\\\/wp23\\\/?s={search_term_string}\"},\"query-input\":{\"@type\":\"PropertyValueSpecification\",\"valueRequired\":true,\"valueName\":\"search_term_string\"}}],\"inLanguage\":\"de-CH\"},{\"@type\":\"Organization\",\"@id\":\"https:\\\/\\\/mrsteinhausen.ch\\\/wp23\\\/#organization\",\"name\":\"M\u00e4nnerriege Steinhausen\",\"url\":\"https:\\\/\\\/mrsteinhausen.ch\\\/wp23\\\/\",\"logo\":{\"@type\":\"ImageObject\",\"inLanguage\":\"de-CH\",\"@id\":\"https:\\\/\\\/mrsteinhausen.ch\\\/wp23\\\/#\\\/schema\\\/logo\\\/image\\\/\",\"url\":\"https:\\\/\\\/mrsteinhausen.ch\\\/wp23\\\/wp-content\\\/uploads\\\/2025\\\/06\\\/mrs-logo_trnsp_br_23.jpg\",\"contentUrl\":\"https:\\\/\\\/mrsteinhausen.ch\\\/wp23\\\/wp-content\\\/uploads\\\/2025\\\/06\\\/mrs-logo_trnsp_br_23.jpg\",\"width\":650,\"height\":321,\"caption\":\"M\u00e4nnerriege Steinhausen\"},\"image\":{\"@id\":\"https:\\\/\\\/mrsteinhausen.ch\\\/wp23\\\/#\\\/schema\\\/logo\\\/image\\\/\"}}]}<\/script>\n<!-- \/ Yoast SEO plugin. -->","yoast_head_json":{"title":"Dorffest 2025 - M\u00e4nnerriege Steinhausen","robots":{"index":"index","follow":"follow","max-snippet":"max-snippet:-1","max-image-preview":"max-image-preview:large","max-video-preview":"max-video-preview:-1"},"canonical":"https:\/\/mrsteinhausen.ch\/wp23\/dorffest2025\/","og_locale":"de_DE","og_type":"article","og_title":"Dorffest 2025 - M\u00e4nnerriege Steinhausen","og_description":"Wir bedanken uns bei allen Besucherinnen und Besuchern, welche das diesj\u00e4hrige Dorffest zu einem so tollen Anlass gemacht haben. Unser besonderer Dank gilt der Gemeinde Steinhausen, unseren Unterst\u00fctzern und allen Helferinnen und Helfern, ohne sie das Dorffest nicht m\u00f6glich gewesen w\u00e4re. Programm Uhrzeit Programm 15:00 &#8211; 17:00 Kindernachmittag mit dem Club junger Eltern ab 17:00 [&hellip;]","og_url":"https:\/\/mrsteinhausen.ch\/wp23\/dorffest2025\/","og_site_name":"M\u00e4nnerriege Steinhausen","article_modified_time":"2025-08-13T22:50:59+00:00","og_image":[{"url":"https:\/\/mrsteinhausen.ch\/wp23\/wp-content\/uploads\/2025\/06\/dorffest2025-2.jpg","type":"","width":"","height":""}],"twitter_card":"summary_large_image","twitter_misc":{"Gesch\u00e4tzte Lesezeit":"2\u00a0Minuten"},"schema":{"@context":"https:\/\/schema.org","@graph":[{"@type":"WebPage","@id":"https:\/\/mrsteinhausen.ch\/wp23\/dorffest2025\/","url":"https:\/\/mrsteinhausen.ch\/wp23\/dorffest2025\/","name":"Dorffest 2025 - M\u00e4nnerriege Steinhausen","isPartOf":{"@id":"https:\/\/mrsteinhausen.ch\/wp23\/#website"},"primaryImageOfPage":{"@id":"https:\/\/mrsteinhausen.ch\/wp23\/dorffest2025\/#primaryimage"},"image":{"@id":"https:\/\/mrsteinhausen.ch\/wp23\/dorffest2025\/#primaryimage"},"thumbnailUrl":"https:\/\/mrsteinhausen.ch\/wp23\/wp-content\/uploads\/2025\/06\/dorffest2025-2.jpg","datePublished":"2025-06-13T20:36:07+00:00","dateModified":"2025-08-13T22:50:59+00:00","breadcrumb":{"@id":"https:\/\/mrsteinhausen.ch\/wp23\/dorffest2025\/#breadcrumb"},"inLanguage":"de-CH","potentialAction":[{"@type":"ReadAction","target":["https:\/\/mrsteinhausen.ch\/wp23\/dorffest2025\/"]}]},{"@type":"ImageObject","inLanguage":"de-CH","@id":"https:\/\/mrsteinhausen.ch\/wp23\/dorffest2025\/#primaryimage","url":"https:\/\/mrsteinhausen.ch\/wp23\/wp-content\/uploads\/2025\/06\/dorffest2025-2.jpg","contentUrl":"https:\/\/mrsteinhausen.ch\/wp23\/wp-content\/uploads\/2025\/06\/dorffest2025-2.jpg","width":1300,"height":1736},{"@type":"BreadcrumbList","@id":"https:\/\/mrsteinhausen.ch\/wp23\/dorffest2025\/#breadcrumb","itemListElement":[{"@type":"ListItem","position":1,"name":"Startseite","item":"https:\/\/mrsteinhausen.ch\/wp23\/"},{"@type":"ListItem","position":2,"name":"Dorffest 2025"}]},{"@type":"WebSite","@id":"https:\/\/mrsteinhausen.ch\/wp23\/#website","url":"https:\/\/mrsteinhausen.ch\/wp23\/","name":"M\u00e4nnerriege Steinhausen","description":"Aktiv in Steinhausen","publisher":{"@id":"https:\/\/mrsteinhausen.ch\/wp23\/#organization"},"alternateName":"MRS","potentialAction":[{"@type":"SearchAction","target":{"@type":"EntryPoint","urlTemplate":"https:\/\/mrsteinhausen.ch\/wp23\/?s={search_term_string}"},"query-input":{"@type":"PropertyValueSpecification","valueRequired":true,"valueName":"search_term_string"}}],"inLanguage":"de-CH"},{"@type":"Organization","@id":"https:\/\/mrsteinhausen.ch\/wp23\/#organization","name":"M\u00e4nnerriege Steinhausen","url":"https:\/\/mrsteinhausen.ch\/wp23\/","logo":{"@type":"ImageObject","inLanguage":"de-CH","@id":"https:\/\/mrsteinhausen.ch\/wp23\/#\/schema\/logo\/image\/","url":"https:\/\/mrsteinhausen.ch\/wp23\/wp-content\/uploads\/2025\/06\/mrs-logo_trnsp_br_23.jpg","contentUrl":"https:\/\/mrsteinhausen.ch\/wp23\/wp-content\/uploads\/2025\/06\/mrs-logo_trnsp_br_23.jpg","width":650,"height":321,"caption":"M\u00e4nnerriege Steinhausen"},"image":{"@id":"https:\/\/mrsteinhausen.ch\/wp23\/#\/schema\/logo\/image\/"}}]}},"uagb_featured_image_src":{"full":false,"thumbnail":false,"medium":false,"medium_large":false,"large":false,"thumblist":false,"thumbrelated":false,"meccarouselthumb":false,"gridsquare":false,"tileview":false,"1536x1536":false,"2048x2048":false},"uagb_author_info":{"display_name":"admin","author_link":"https:\/\/mrsteinhausen.ch\/wp23\/author\/mrsteinhausenoutlook-com\/"},"uagb_comment_info":0,"uagb_excerpt":"Wir bedanken uns bei allen Besucherinnen und Besuchern, welche das diesj\u00e4hrige Dorffest zu einem so tollen Anlass gemacht haben. Unser besonderer Dank gilt der Gemeinde Steinhausen, unseren Unterst\u00fctzern und allen Helferinnen und Helfern, ohne sie das Dorffest nicht m\u00f6glich gewesen w\u00e4re. Programm Uhrzeit Programm 15:00 &#8211; 17:00 Kindernachmittag mit dem Club junger Eltern ab 17:00&hellip;","_links":{"self":[{"href":"https:\/\/mrsteinhausen.ch\/wp23\/wp-json\/wp\/v2\/pages\/18","targetHints":{"allow":["GET"]}}],"collection":[{"href":"https:\/\/mrsteinhausen.ch\/wp23\/wp-json\/wp\/v2\/pages"}],"about":[{"href":"https:\/\/mrsteinhausen.ch\/wp23\/wp-json\/wp\/v2\/types\/page"}],"author":[{"embeddable":true,"href":"https:\/\/mrsteinhausen.ch\/wp23\/wp-json\/wp\/v2\/users\/1"}],"replies":[{"embeddable":true,"href":"https:\/\/mrsteinhausen.ch\/wp23\/wp-json\/wp\/v2\/comments?post=18"}],"version-history":[{"count":16,"href":"https:\/\/mrsteinhausen.ch\/wp23\/wp-json\/wp\/v2\/pages\/18\/revisions"}],"predecessor-version":[{"id":272,"href":"https:\/\/mrsteinhausen.ch\/wp23\/wp-json\/wp\/v2\/pages\/18\/revisions\/272"}],"wp:attachment":[{"href":"https:\/\/mrsteinhausen.ch\/wp23\/wp-json\/wp\/v2\/media?parent=18"}],"curies":[{"name":"wp","href":"https:\/\/api.w.org\/{rel}","templated":true}]}}